{"id":4274,"date":"2021-04-19T12:01:09","date_gmt":"2021-04-19T10:01:09","guid":{"rendered":"https:\/\/irandelle.com\/es\/?page_id=4274"},"modified":"2021-04-19T12:40:09","modified_gmt":"2021-04-19T10:40:09","slug":"bandar-abbas","status":"publish","type":"page","link":"https:\/\/irandelle.com\/es\/bandar-abbas\/","title":{"rendered":"Bandar Abbas"},"content":{"rendered":"<p>[vc_row][vc_column width=&#8221;1\/2&#8243;]<div class=\"slz-shortcode block-title-134219163569d016c3a6cf9 \">\r\n\r\n\t<div class=\"group-title\">\r\n\t\t<div class=\"sub-title\">\r\n\t\t<\/div><h2 class=\"main-title\">Bandar Abbas<\/h2>\r\n\t<\/div><\/div>\r\n[vc_column_text]Bandar Abbas es una ciudad portuaria y capital de la provincia de Hormozg\u0101n en el Golfo P\u00e9rsico. La ciudad ocupa una posici\u00f3n estrat\u00e9gica en el Estrecho de Ormuz y es la ubicaci\u00f3n de la base principal de la armada iran\u00ed.<\/p>\n<p>Su nombre actual deriva del de Shah Abbas I (r. 1588-1629) asociado con bandar &#8211; &#8220;puerto&#8221;.<\/p>\n<p>La ciudad fue conquistada por los portugueses en 1514 y fue un lugar importante para proteger su comercio en el Golfo P\u00e9rsico y la India. La llamaron la ciudad Comor\u00e3o, por sus langostas y cangrejos.<\/p>\n<p>Un terremoto en julio de 1902 da\u00f1\u00f3 la ciudad, incluida la casa del gobernador y la oficina de aduanas, as\u00ed como la vecina isla de Qeshm.<\/p>\n<p>Mohammad Reza Shah Pahlavi prest\u00f3 especial atenci\u00f3n a Bandar Abbas como un puerto estrat\u00e9gico y durante su tiempo el gobierno invirti\u00f3 en infraestructura.<\/p>\n<p>Bandar Abbas sirve como un importante punto de env\u00edo, principalmente para las importaciones, y tiene una larga historia de comercio con India, particularmente con el puerto de Surat. Miles de turistas visitan la ciudad y las islas vecinas, incluidas Qeshm y Hormuz cada a\u00f1o.<\/p>\n<p>Era un peque\u00f1o puerto pesquero de unas 17.000 personas en 1955, antes de que se llevaran a cabo planes de desarrollo como puerto principal. En 2001, se hab\u00eda convertido en una gran ciudad de m\u00e1s de 450.000 habitantes (estimaci\u00f3n de 2011).[\/vc_column_text]<div class=\"slz-shortcode block-title-67219871069d016c3a724d \">\r\n\r\n\t<div class=\"group-title\">\r\n\t\t<div class=\"sub-title\">\r\n\t\t<\/div><h2 class=\"main-title\">1 D\u00cdA DE VISITA:<\/h2>\r\n\t<\/div><\/div>\r\n[vc_tta_accordion][vc_tta_section title=&#8221;Section 1&#8243; tab_id=&#8221;1609392555679-aa88fc1d-8c18&#8243;][vc_images_carousel img_size=&#8221;full&#8221;][\/vc_tta_section][\/vc_tta_accordion][\/vc_column][vc_column width=&#8221;1\/2&#8243;]<div class=\"slz-shortcode block-title-52531357969d016c3a733b \">\r\n\r\n\t<div class=\"group-title\">\r\n\t\t<div class=\"sub-title\">\r\n\t\t<\/div><h2 class=\"main-title\">Hormuz Island<\/h2>\r\n\t<\/div><\/div>\r\n[vc_column_text]Hormuz Island es una isla en el Golfo P\u00e9rsico. Situada en el Estrecho de Ormuz, a 8 kil\u00f3metros de la costa iran\u00ed, la isla forma parte de la provincia de Hormozgan. El ocre rojizo de la isla, llamado Golak por los nativos, ha sido explotado con fines art\u00edsticos y culinarios y tambi\u00e9n atrae a turistas. La degradaci\u00f3n por explotaci\u00f3n excesiva del ocre ha llevado al Ministerio de Medio Ambiente a tomar medidas para protegerlo.<\/p>\n<p>La isla de Ormuz tiene una superficie de 42 km2. Est\u00e1 cubierto de rocas sedimentarias y capas de material volc\u00e1nico en su superficie. El punto m\u00e1s alto de la isla est\u00e1 a unos 186 metros sobre el nivel del mar. Debido a la falta de precipitaci\u00f3n, el suelo y el agua son salados. Los especialistas ayudaron a cultivar manglares blancos o \u00e1rboles Hara para crecer. Debido a la falta de agua dulce, los ingenieros iran\u00edes construyeron una tuber\u00eda de agua desde el continente.<\/p>\n<p>La isla es \u00e1rida y durante los meses de verano la temperatura puede llegar a superar los 43 \u00b0 C. Todas las provisiones, incluida el agua, ten\u00edan que provenir de tierra firme. Su ubicaci\u00f3n, sin embargo, le dio a la isla un grado de seguridad que le permiti\u00f3 convertirse en un importante puerto comercial durante varios siglos.<\/p>\n<p>Marco Polo visit\u00f3 Ormuz alrededor de 1290 mientras viajaba por tierra, como se describe en su diario de viaje.[\/vc_column_text]<div class=\"slz-shortcode block-title-102864677769d016c3a7410 \">\r\n\r\n\t<div class=\"group-title\">\r\n\t\t<div class=\"sub-title\">\r\n\t\t<\/div><h2 class=\"main-title\">Un jour de plus pour visiter:<\/h2>\r\n\t<\/div><\/div>\r\n[vc_tta_accordion][vc_tta_section title=&#8221;hormoz portuguese castle&#8221; tab_id=&#8221;1618825801340-7b75f830-af4a&#8221;][vc_column_text]Le fort de Notre-Dame de la Conception, \u00e9galement connu sous le nom de ch\u00e2teau portugais, is a fortress in Pierre Rouge sur l&#8217;\u00eele d&#8217;Ormuz. C&#8217;est l&#8217;un des derniers monuments de la domination coloniale portugaise dans le golfe Persique<\/p>\n<p>The construction of the ch\u00e2teau was commanded by the Portuguese commander Afonso de Albuquerque in 1507, which forces him to stand on the pendant une courte periode, on the name &#8220;Fort de Notre-Dame de la Victoire&#8221;. Engage with hommes of all grades in construction travaux, Albuquerque fait face \u00e0 une r\u00e9volte et devait retires. Il est revenu et a reconque l&#8217;\u00eele in 1515, quand il acheva et rebaptis\u00e9 le fort.[\/vc_column_text][vc_images_carousel img_size=&#8221;full&#8221;][\/vc_tta_section][\/vc_tta_accordion][vc_empty_space]<div class=\"slz-shortcode block-title-110555369769d016c3a74e1 \">\r\n\r\n\t<div class=\"group-title\">\r\n\t\t<div class=\"sub-title\">\r\n\t\t<\/div><h2 class=\"main-title\">Qeshm Island<\/h2>\r\n\t<\/div><\/div>\r\n[vc_column_text]La isla de Qeshm se encuentra en el Golfo P\u00e9rsico a pocos kil\u00f3metros de la ciudad portuaria de Bandar Abbas en el Estrecho de Ormuz. es una zona franca de 300 km2, 135 km de largo y su espesor var\u00eda de 9,4 a 40 km, est\u00e1 a 60 km del puerto oman\u00ed de Khasab ya unos 180 km del puerto Rashid de los Emiratos \u00c1rabes Unidos. La isla tiene una superficie de 1.491 km2 y es 2,5 veces el tama\u00f1o de Bahrein. La distancia m\u00e1s cercana a Bandar-Abbass es de 2 km.<\/p>\n<p>La temperatura media en la isla ronda los 27 \u00b0 C. Los meses m\u00e1s calurosos son de junio a agosto y los m\u00e1s fr\u00edos de octubre a enero. La precipitaci\u00f3n media es de 183,2 mm.<\/p>\n<p>La isla comprende 59 ciudades y pueblos y la poblaci\u00f3n era de 117,774 en el censo de 2011. La poblaci\u00f3n local est\u00e1 involucrada en la pesca, la construcci\u00f3n de dhows, el comercio y los servicios. Otros 30.000 son trabajadores o estudiantes administrativos o industriales.[\/vc_column_text]<div class=\"slz-shortcode block-title-183593292169d016c3a75ac \">\r\n\r\n\t<div class=\"group-title\">\r\n\t\t<div class=\"sub-title\">\r\n\t\t<\/div><h2 class=\"main-title\">Un jour de plus pour visiter:<\/h2>\r\n\t<\/div><\/div>\r\n[vc_tta_accordion][vc_tta_section title=&#8221;Section 1&#8243; tab_id=&#8221;1609392566080-e9dbeffe-d5fd&#8221;][vc_images_carousel img_size=&#8221;full&#8221;][\/vc_tta_section][\/vc_tta_accordion][\/vc_column][\/vc_row]<\/p>\n","protected":false},"excerpt":{"rendered":"<p>[vc_row][vc_column width=&#8221;1\/2&#8243;][vc_column_text]Bandar Abbas es una ciudad portuaria y capital de la provincia de Hormozg\u0101n en el Golfo P\u00e9rsico. La ciudad ocupa una posici\u00f3n estrat\u00e9gica en el Estrecho de Ormuz y es la ubicaci\u00f3n de la base principal de la armada iran\u00ed. Su nombre actual deriva del de Shah Abbas I (r. 1588-1629) asociado con bandar [&hellip;]<\/p>\n","protected":false},"author":61,"featured_media":0,"parent":0,"menu_order":0,"comment_status":"closed","ping_status":"closed","template":"","meta":[],"categories":[],"tags":[],"_links":{"self":[{"href":"https:\/\/irandelle.com\/es\/wp-json\/wp\/v2\/pages\/4274"}],"collection":[{"href":"https:\/\/irandelle.com\/es\/wp-json\/wp\/v2\/pages"}],"about":[{"href":"https:\/\/irandelle.com\/es\/wp-json\/wp\/v2\/types\/page"}],"author":[{"embeddable":true,"href":"https:\/\/irandelle.com\/es\/wp-json\/wp\/v2\/users\/61"}],"replies":[{"embeddable":true,"href":"https:\/\/irandelle.com\/es\/wp-json\/wp\/v2\/comments?post=4274"}],"version-history":[{"count":4,"href":"https:\/\/irandelle.com\/es\/wp-json\/wp\/v2\/pages\/4274\/revisions"}],"predecessor-version":[{"id":4279,"href":"https:\/\/irandelle.com\/es\/wp-json\/wp\/v2\/pages\/4274\/revisions\/4279"}],"wp:attachment":[{"href":"https:\/\/irandelle.com\/es\/wp-json\/wp\/v2\/media?parent=4274"}],"wp:term":[{"taxonomy":"category","embeddable":true,"href":"https:\/\/irandelle.com\/es\/wp-json\/wp\/v2\/categories?post=4274"},{"taxonomy":"post_tag","embeddable":true,"href":"https:\/\/irandelle.com\/es\/wp-json\/wp\/v2\/tags?post=4274"}],"curies":[{"name":"wp","href":"https:\/\/api.w.org\/{rel}","templated":true}]}}